{"id":20,"date":"2016-07-27T10:39:23","date_gmt":"2016-07-27T08:39:23","guid":{"rendered":"https:\/\/www.le-saint-amand.com\/?page_id=20"},"modified":"2016-08-01T11:26:44","modified_gmt":"2016-08-01T09:26:44","slug":"news","status":"publish","type":"page","link":"https:\/\/www.le-saint-amand.com\/en\/news\/","title":{"rendered":"News"},"content":{"rendered":"<ul>\n<li><span style=\"font-family: Calibri, serif;\"><span style=\"font-size: small;\">y ins\u00e9rer des photos de visites \u00e0 faire (ch\u00e2teau, canal, campagne) et \u00e9v\u00e9nements \u00e0 venir<\/span><\/span><\/li>\n<\/ul>\n","protected":false},"excerpt":{"rendered":"<p>y ins\u00e9rer des photos de visites \u00e0 faire (ch\u00e2teau, canal, campagne) et \u00e9v\u00e9nements \u00e0 venir<\/p>\n","protected":false},"author":5,"featured_media":0,"parent":0,"menu_order":0,"comment_status":"closed","ping_status":"closed","template":"","meta":{"_acf_changed":false,"footnotes":""},"class_list":["post-20","page","type-page","status-publish","hentry"],"acf":[],"_links":{"self":[{"href":"https:\/\/www.le-saint-amand.com\/en\/wp-json\/wp\/v2\/pages\/20","targetHints":{"allow":["GET"]}}],"collection":[{"href":"https:\/\/www.le-saint-amand.com\/en\/wp-json\/wp\/v2\/pages"}],"about":[{"href":"https:\/\/www.le-saint-amand.com\/en\/wp-json\/wp\/v2\/types\/page"}],"author":[{"embeddable":true,"href":"https:\/\/www.le-saint-amand.com\/en\/wp-json\/wp\/v2\/users\/5"}],"replies":[{"embeddable":true,"href":"https:\/\/www.le-saint-amand.com\/en\/wp-json\/wp\/v2\/comments?post=20"}],"version-history":[{"count":2,"href":"https:\/\/www.le-saint-amand.com\/en\/wp-json\/wp\/v2\/pages\/20\/revisions"}],"predecessor-version":[{"id":104,"href":"https:\/\/www.le-saint-amand.com\/en\/wp-json\/wp\/v2\/pages\/20\/revisions\/104"}],"wp:attachment":[{"href":"https:\/\/www.le-saint-amand.com\/en\/wp-json\/wp\/v2\/media?parent=20"}],"curies":[{"name":"wp","href":"https:\/\/api.w.org\/{rel}","templated":true}]}}